{"id":99,"date":"2013-09-26T17:12:06","date_gmt":"2013-09-26T14:12:06","guid":{"rendered":"http:\/\/probiotta.ee\/?page_id=99"},"modified":"2013-09-26T17:32:56","modified_gmt":"2013-09-26T14:32:56","slug":"yrityksesta","status":"publish","type":"page","link":"https:\/\/probiotta.ee\/fi\/yrityksesta\/","title":{"rendered":"Yrityksest\u00e4"},"content":{"rendered":"<p><i>Probiotta Oy toimittaa raaka- ja lis\u00e4aineita elintarvike- ja luontaistuoteteollisuudelle aktiivisesti vuodesta 2009. <\/i><\/p>\n<p><i>Meid\u00e4t erottaa kilpailijoista luonnollinen ajattelu- ja toimintatapa, koska tarjoamme asiakkaille ennenkaikkea luonnollisia vaihtoehtoja keinotekoisille lis\u00e4aineille.<\/i><\/p>\n<p><i>Haetaan teknologisia mahdollisuuksia ja ratkaisuja tehd\u00e4kseen tuotteista terveellisempi\u00e4 ja etiketist\u00e4 puhtaampi (\u201cclean label\u201c \u2013 ilman keinotekoisia lis\u00e4aineita).<\/i><\/p>\n<p><i>Tarjoamme my\u00f6s gluteenittomia tuotteita \u2013 sek\u00e4 jauhoja ett\u00e4 korppujauhoja.<\/i><\/p>\n","protected":false},"excerpt":{"rendered":"<p>Probiotta Oy toimittaa raaka- ja lis\u00e4aineita elintarvike- ja luontaistuoteteollisuudelle aktiivisesti vuodesta 2009. Meid\u00e4t erottaa kilpailijoista luonnollinen ajattelu- ja toimintatapa, koska tarjoamme asiakkaille ennenkaikkea luonnollisia vaihtoehtoja keinotekoisille lis\u00e4aineille. Haetaan teknologisia mahdollisuuksia ja ratkaisuja tehd\u00e4kseen tuotteista terveellisempi\u00e4 ja etiketist\u00e4 puhtaampi (\u201cclean label\u201c \u2013 ilman keinotekoisia lis\u00e4aineita). Tarjoamme my\u00f6s gluteenittomia tuotteita \u2013 sek\u00e4 jauhoja ett\u00e4 korppujauhoja.<\/p>\n","protected":false},"author":1,"featured_media":32,"parent":0,"menu_order":0,"comment_status":"closed","ping_status":"closed","template":"","meta":{"footnotes":""},"class_list":["post-99","page","type-page","status-publish","has-post-thumbnail","hentry"],"_links":{"self":[{"href":"https:\/\/probiotta.ee\/fi\/wp-json\/wp\/v2\/pages\/99","targetHints":{"allow":["GET"]}}],"collection":[{"href":"https:\/\/probiotta.ee\/fi\/wp-json\/wp\/v2\/pages"}],"about":[{"href":"https:\/\/probiotta.ee\/fi\/wp-json\/wp\/v2\/types\/page"}],"author":[{"embeddable":true,"href":"https:\/\/probiotta.ee\/fi\/wp-json\/wp\/v2\/users\/1"}],"replies":[{"embeddable":true,"href":"https:\/\/probiotta.ee\/fi\/wp-json\/wp\/v2\/comments?post=99"}],"version-history":[{"count":1,"href":"https:\/\/probiotta.ee\/fi\/wp-json\/wp\/v2\/pages\/99\/revisions"}],"predecessor-version":[{"id":100,"href":"https:\/\/probiotta.ee\/fi\/wp-json\/wp\/v2\/pages\/99\/revisions\/100"}],"wp:featuredmedia":[{"embeddable":true,"href":"https:\/\/probiotta.ee\/fi\/wp-json\/wp\/v2\/media\/32"}],"wp:attachment":[{"href":"https:\/\/probiotta.ee\/fi\/wp-json\/wp\/v2\/media?parent=99"}],"curies":[{"name":"wp","href":"https:\/\/api.w.org\/{rel}","templated":true}]}}