{"id":97,"date":"2013-09-26T17:11:30","date_gmt":"2013-09-26T14:11:30","guid":{"rendered":"http:\/\/probiotta.ee\/?page_id=97"},"modified":"2013-09-26T22:24:26","modified_gmt":"2013-09-26T19:24:26","slug":"luonnolliset-ratkaisut","status":"publish","type":"page","link":"https:\/\/probiotta.ee\/fi\/","title":{"rendered":"Luonnolliset ratkaisut"},"content":{"rendered":"<p><i>Probiotta Oy on vuodesta 2009 aktiivisesti toimiva yritys, joka on keskittynyt parhaiten luonnollisten ratkaisujen l\u00f6yt\u00e4miseen raaka-aineiden toimittamisessa elintarvike- ja luontaistuoteteollisuudelle.<\/i><\/p>\n<p><i>Tarjoamme luonnollisia vaihtoehtoja keinotekoisille lis\u00e4aineille: <\/i><\/p>\n<p><i>&#8211; antioksidanttit<\/i><\/p>\n<p><i>&#8211; aromit <\/i><\/p>\n<p><i>&#8211; makeutusaineet<\/i><\/p>\n<p><i>&#8211; elintarvikev\u00e4rit<\/i><\/p>\n<p><i>&#8211; funktionaaliset lis\u00e4aineet (vitamiinit, mineralit, aminohapot)<\/i><\/p>\n<p><i>&#8211; gluteenittomat raaka-aineet<\/i><\/p>\n<p><i>&#8211; ravintokuidut<\/i><\/p>\n<p><i>&#8211; proteiinit<\/i><\/p>\n<p><i>Haluatko parantaa jo olemassa olevia tuotteita?<\/i> <i>Kehitt\u00e4\u00e4 uusia ja viel\u00e4 parempia? Muutta tuotteita terveellisimm\u00e4ksi ja tuote-etiketti\u00e4 puhtaammaksi (\u201cclean label\u201c)?<\/i><\/p>\n<p><i>Ota meihin yhteytt\u00e4 ja tehd\u00e4\u00e4n se yhdess\u00e4!<\/i><\/p>\n<p><i>Etsit\u00e4\u00e4n juuri sinua kiinnostavat aineet ja l\u00f6yd\u00e4mme yhdess\u00e4 sinulle sopivimmat ja meille kaikille terveellisemm\u00e4t ratkaisut. <\/i><\/p>\n<p><i>Luonnolliset ja terveelliset tuotteet hy\u00f6dynt\u00e4\u00e4 kaikkia!<\/i><\/p>\n","protected":false},"excerpt":{"rendered":"<p>Probiotta Oy on vuodesta 2009 aktiivisesti toimiva yritys, joka on keskittynyt parhaiten luonnollisten ratkaisujen l\u00f6yt\u00e4miseen raaka-aineiden toimittamisessa elintarvike- ja luontaistuoteteollisuudelle. Tarjoamme luonnollisia vaihtoehtoja keinotekoisille lis\u00e4aineille: &#8211; antioksidanttit &#8211; aromit &#8211; makeutusaineet &#8211; elintarvikev\u00e4rit &#8211; funktionaaliset lis\u00e4aineet (vitamiinit, mineralit, aminohapot) &#8211; gluteenittomat raaka-aineet &#8211; ravintokuidut &#8211; proteiinit Haluatko parantaa jo olemassa olevia tuotteita? Kehitt\u00e4\u00e4 uusia ja &hellip; <a href=\"https:\/\/probiotta.ee\/fi\/\" class=\"more-link\">Continue reading<span class=\"screen-reader-text\"> &#8220;Luonnolliset ratkaisut&#8221;<\/span><\/a><\/p>\n","protected":false},"author":1,"featured_media":32,"parent":0,"menu_order":0,"comment_status":"open","ping_status":"open","template":"","meta":{"footnotes":""},"class_list":["post-97","page","type-page","status-publish","has-post-thumbnail","hentry"],"_links":{"self":[{"href":"https:\/\/probiotta.ee\/fi\/wp-json\/wp\/v2\/pages\/97","targetHints":{"allow":["GET"]}}],"collection":[{"href":"https:\/\/probiotta.ee\/fi\/wp-json\/wp\/v2\/pages"}],"about":[{"href":"https:\/\/probiotta.ee\/fi\/wp-json\/wp\/v2\/types\/page"}],"author":[{"embeddable":true,"href":"https:\/\/probiotta.ee\/fi\/wp-json\/wp\/v2\/users\/1"}],"replies":[{"embeddable":true,"href":"https:\/\/probiotta.ee\/fi\/wp-json\/wp\/v2\/comments?post=97"}],"version-history":[{"count":1,"href":"https:\/\/probiotta.ee\/fi\/wp-json\/wp\/v2\/pages\/97\/revisions"}],"predecessor-version":[{"id":98,"href":"https:\/\/probiotta.ee\/fi\/wp-json\/wp\/v2\/pages\/97\/revisions\/98"}],"wp:featuredmedia":[{"embeddable":true,"href":"https:\/\/probiotta.ee\/fi\/wp-json\/wp\/v2\/media\/32"}],"wp:attachment":[{"href":"https:\/\/probiotta.ee\/fi\/wp-json\/wp\/v2\/media?parent=97"}],"curies":[{"name":"wp","href":"https:\/\/api.w.org\/{rel}","templated":true}]}}