{"id":101,"date":"2013-09-26T17:12:33","date_gmt":"2013-09-26T14:12:33","guid":{"rendered":"http:\/\/probiotta.ee\/?page_id=101"},"modified":"2013-09-26T22:27:28","modified_gmt":"2013-09-26T19:27:28","slug":"tuotteet","status":"publish","type":"page","link":"https:\/\/probiotta.ee\/fi\/tuotteet\/","title":{"rendered":"Tuotteet"},"content":{"rendered":"<p><i>&#8211; antioksidanttit (kasvisuutteet)<\/i><\/p>\n<p><i>&#8211; aromit <\/i><\/p>\n<p><i>&#8211; arominvahvenne (hiivauute)<\/i><\/p>\n<p><i>&#8211; makeutusaineet (stevia)<\/i><\/p>\n<p><i>&#8211; elintarvikev\u00e4rit (kasvisuutteet)<\/i><\/p>\n<p><i>&#8211; funktionaaliset lis\u00e4aineet (vitamiinit, mineralit, aminohapot)<\/i><\/p>\n<p><i>&#8211; gluteenittomat jauhot ja korppujauhot<\/i><\/p>\n<p><i>&#8211; ravintokuidut (vehn\u00e4, bambu)<\/i><\/p>\n<p><i>&#8211; proteiinit (maito, hera, soija)<\/i><\/p>\n","protected":false},"excerpt":{"rendered":"<p>&#8211; antioksidanttit (kasvisuutteet) &#8211; aromit &#8211; arominvahvenne (hiivauute) &#8211; makeutusaineet (stevia) &#8211; elintarvikev\u00e4rit (kasvisuutteet) &#8211; funktionaaliset lis\u00e4aineet (vitamiinit, mineralit, aminohapot) &#8211; gluteenittomat jauhot ja korppujauhot &#8211; ravintokuidut (vehn\u00e4, bambu) &#8211; proteiinit (maito, hera, soija)<\/p>\n","protected":false},"author":1,"featured_media":32,"parent":0,"menu_order":0,"comment_status":"closed","ping_status":"closed","template":"","meta":{"footnotes":""},"class_list":["post-101","page","type-page","status-publish","has-post-thumbnail","hentry"],"_links":{"self":[{"href":"https:\/\/probiotta.ee\/fi\/wp-json\/wp\/v2\/pages\/101","targetHints":{"allow":["GET"]}}],"collection":[{"href":"https:\/\/probiotta.ee\/fi\/wp-json\/wp\/v2\/pages"}],"about":[{"href":"https:\/\/probiotta.ee\/fi\/wp-json\/wp\/v2\/types\/page"}],"author":[{"embeddable":true,"href":"https:\/\/probiotta.ee\/fi\/wp-json\/wp\/v2\/users\/1"}],"replies":[{"embeddable":true,"href":"https:\/\/probiotta.ee\/fi\/wp-json\/wp\/v2\/comments?post=101"}],"version-history":[{"count":1,"href":"https:\/\/probiotta.ee\/fi\/wp-json\/wp\/v2\/pages\/101\/revisions"}],"predecessor-version":[{"id":102,"href":"https:\/\/probiotta.ee\/fi\/wp-json\/wp\/v2\/pages\/101\/revisions\/102"}],"wp:featuredmedia":[{"embeddable":true,"href":"https:\/\/probiotta.ee\/fi\/wp-json\/wp\/v2\/media\/32"}],"wp:attachment":[{"href":"https:\/\/probiotta.ee\/fi\/wp-json\/wp\/v2\/media?parent=101"}],"curies":[{"name":"wp","href":"https:\/\/api.w.org\/{rel}","templated":true}]}}